{"id":72,"date":"2023-08-01T18:15:05","date_gmt":"2023-08-01T16:15:05","guid":{"rendered":"http:\/\/dotgain.info\/?page_id=72"},"modified":"2023-08-08T14:53:52","modified_gmt":"2023-08-08T12:53:52","slug":"referenzen","status":"publish","type":"page","link":"https:\/\/dotgain.info\/?page_id=72","title":{"rendered":"Referenzen"},"content":{"rendered":"\r\n<p class=\"has-text-align-left has-black-color has-text-color has-background\" style=\"background-color: #ffffff00;\"><strong>MdbK Leipzig | GFZK Leipzig | Galerie Eigen und Art | Galerie Poll | Andr\u00e9 Butzer | f-stop | Galerie Tobias Naehring | Galerie Reiter | Shebam | famed | Hans Aichinger | Theresa M\u00f6ller | Stefan Vogel | Kunstsammlung Chemnitz | Halle 14 | Akademie der K\u00fcnste Berlin | Kunsthalle G2 | Galerie ASPN | Staatliche Kunstsammlung Dresden | Anna Leonhardt | Kunstmuseum Erfurt | Spector Books | Museum OK Linz | Olaf Nicolia | Kunstverein Leipzig | Hit Studio | Floating Opera Press | Christian Bold | Larissa M\u00fchlrath | Martin Gro\u00df | Studio Pandan | Bureau Est<\/strong><\/p>\r\n","protected":false},"excerpt":{"rendered":"<p>MdbK Leipzig | GFZK Leipzig | Galerie Eigen und Art | Galerie Poll | Andr\u00e9 Butzer | f-stop | Galerie Tobias Naehring | Galerie Reiter | Shebam | famed | Hans Aichinger | Theresa M\u00f6ller | Stefan Vogel | Kunstsammlung Chemnitz | Halle 14 | Akademie der K\u00fcnste Berlin | Kunsthalle G2 | Galerie ASPN [&hellip;]<\/p>\n","protected":false},"author":1,"featured_media":0,"parent":2,"menu_order":0,"comment_status":"closed","ping_status":"closed","template":"page-large-header","meta":{"footnotes":""},"class_list":["post-72","page","type-page","status-publish","hentry"],"_links":{"self":[{"href":"https:\/\/dotgain.info\/index.php?rest_route=\/wp\/v2\/pages\/72","targetHints":{"allow":["GET"]}}],"collection":[{"href":"https:\/\/dotgain.info\/index.php?rest_route=\/wp\/v2\/pages"}],"about":[{"href":"https:\/\/dotgain.info\/index.php?rest_route=\/wp\/v2\/types\/page"}],"author":[{"embeddable":true,"href":"https:\/\/dotgain.info\/index.php?rest_route=\/wp\/v2\/users\/1"}],"replies":[{"embeddable":true,"href":"https:\/\/dotgain.info\/index.php?rest_route=%2Fwp%2Fv2%2Fcomments&post=72"}],"version-history":[{"count":6,"href":"https:\/\/dotgain.info\/index.php?rest_route=\/wp\/v2\/pages\/72\/revisions"}],"predecessor-version":[{"id":230,"href":"https:\/\/dotgain.info\/index.php?rest_route=\/wp\/v2\/pages\/72\/revisions\/230"}],"up":[{"embeddable":true,"href":"https:\/\/dotgain.info\/index.php?rest_route=\/wp\/v2\/pages\/2"}],"wp:attachment":[{"href":"https:\/\/dotgain.info\/index.php?rest_route=%2Fwp%2Fv2%2Fmedia&parent=72"}],"curies":[{"name":"wp","href":"https:\/\/api.w.org\/{rel}","templated":true}]}}